{"id":139,"date":"2016-04-27T08:27:58","date_gmt":"2016-04-27T08:27:58","guid":{"rendered":"http:\/\/bridge30.qodeinteractive.com\/?page_id=14"},"modified":"2021-06-02T21:42:13","modified_gmt":"2021-06-02T19:42:13","slug":"about-2","status":"publish","type":"page","link":"http:\/\/degel.ejdg.fr\/?page_id=139","title":{"rendered":"Le projet"},"content":{"rendered":"<p>[vc_row css_animation=\u00a0\u00bb\u00a0\u00bb row_type=\u00a0\u00bbrow\u00a0\u00bb use_row_as_full_screen_section=\u00a0\u00bbno\u00a0\u00bb type=\u00a0\u00bbgrid\u00a0\u00bb angled_section=\u00a0\u00bbno\u00a0\u00bb text_align=\u00a0\u00bbcenter\u00a0\u00bb background_image_as_pattern=\u00a0\u00bbwithout_pattern\u00a0\u00bb css=\u00a0\u00bb.vc_custom_1463384438060{padding-bottom: 53px !important;}\u00a0\u00bb][vc_column offset=\u00a0\u00bbvc_col-lg-offset-3 vc_col-lg-6 vc_col-md-offset-2 vc_col-md-8&Prime;][vc_separator type=\u00a0\u00bbtransparent\u00a0\u00bb thickness=\u00a0\u00bb0&Prime; up=\u00a0\u00bb0&Prime; down=\u00a0\u00bb62&Prime;][vc_column_text]<\/p>\n<h1>EDITO<\/h1>\n<p>[\/vc_column_text][vc_separator type=\u00a0\u00bbtransparent\u00a0\u00bb thickness=\u00a0\u00bb0&Prime; up=\u00a0\u00bb0&Prime; down=\u00a0\u00bb27&Prime;][vc_column_text]<span style=\"font-weight: 400;\">\u00ab D\u00e9gel \u00bb est un projet \u00e9ditorial, sur la question climatique et ses enjeux, dans le territoire des Alpes. En un prologue et six chapitres, nous avons document\u00e9 la relation du bassin grenoblois \u00e0 l\u2019environnement. A travers le prisme de la politique, des institutions, des scientifiques mais aussi de la jeunesse, des climatosceptiques et de l\u2019art. Sur ce site, vous trouverez une multitude de formats : audios, vid\u00e9os, podcasts et articles. Pour commencer, le prologue s\u2019int\u00e9ressera aux causes et cons\u00e9quences diverses du r\u00e9chauffement climatique et \u00e0 l\u2019empreinte de l\u2019activit\u00e9 humaine sur le climat. Chaque chapitre r\u00e9pondra ensuite \u00e0 une probl\u00e9matique, et exposera des initiatives locales. Nos intervenant.es ? Une multitude d\u2019acteur<\/span><span style=\"font-weight: 400;\">\u00b7<\/span><span style=\"font-weight: 400;\">ices du territoire : scientifiques, citoyen<\/span><span style=\"font-weight: 400;\">\u00b7<\/span><span style=\"font-weight: 400;\">nes, politiques, artistes, militant<\/span><span style=\"font-weight: 400;\">\u00b7<\/span><span style=\"font-weight: 400;\">es, etc.<\/span><\/p>\n<p>&nbsp;<\/p>\n<p><span style=\"font-weight: 400;\">Nous sommes parti.es d\u2019un constat global : la question du d\u00e9r\u00e8glement climatique se pose, aujourd\u2019hui, de mani\u00e8re cruciale. Des Accords de Paris \u00e0 l\u2019Affaire du si\u00e8cle, en passant par la convention citoyenne, ou le projet de loi \u00ab climat et r\u00e9silience \u00bb, la question environnementale est pr\u00e9pond\u00e9rante \u00e0 l\u2019\u00e9chelle nationale. Elle se pose aussi \u00e0 l\u2019\u00e9chelle locale. Le territoire grenoblois est marqu\u00e9 par sa topographie, sa culture alpine, mais aussi par l\u2019importance de l\u2019\u00e9cologie, dans la politique et dans la recherche scientifique locale.\u00a0 Se d\u00e9marquant ainsi par : le snowfarming dans les stations de ski, des festivals comme Cin\u00e9 Montagnes tourn\u00e9s vers l\u2019environnement, ou encore un paysage m\u00e9diatique engag\u00e9s sur la question climatique, comme le m\u00e9dia 8 Mont-Blanc. N\u00e9anmoins, avec une hausse de 2\u00b0C dans les Alpes depuis la fin du XIX\u00e8me si\u00e8cle, et la diminution de l\u2019enneigement, le r\u00e9chauffement climatique est bien pr\u00e9sent. Du local au global, de l\u2019urbain au rural, ce projet vise \u00e0 parler d\u2019un constat : celui que les Alpes sont en danger.<\/span><\/p>\n<p>&nbsp;<\/p>\n<p><span style=\"font-weight: 400;\">Pour mener \u00e0 bien ce projet, les trente \u00e9l\u00e8ves de la classe de Master 1 de l\u2019Ecole de Journalisme de Grenoble se sont r\u00e9parti<\/span><span style=\"font-weight: 400;\">\u00b7<\/span><span style=\"font-weight: 400;\">es en \u00e9quipes, sur le prologue et chaque chapitre. Ils et elles ont \u00e9t\u00e9 encadr\u00e9.es par leur professeur en sciences de l\u2019information, Emmanuel MARTY, un journaliste multim\u00e9dia pour BFTMV, Boris COURRET et une graphiste, Marion BOUCHARLAT. En deux semaines, les \u00e9tudiant<\/span><span style=\"font-weight: 400;\">\u00b7<\/span><span style=\"font-weight: 400;\">es sont all\u00e9<\/span><span style=\"font-weight: 400;\">\u00b7<\/span><span style=\"font-weight: 400;\">es sur le terrain et ont r\u00e9alis\u00e9 plusieurs entretiens. Ce projet a b\u00e9n\u00e9fici\u00e9 du soutien financier du projet M\u00e9dias Locaux, D\u00e9mocratie et Internet (MELODI).<\/span>[\/vc_column_text][vc_separator type=\u00a0\u00bbtransparent\u00a0\u00bb thickness=\u00a0\u00bb0&Prime; up=\u00a0\u00bb0&Prime; down=\u00a0\u00bb25&Prime;][vc_column_text]<strong>Jasmine BOUSQUET et Pauline ROUSSEL<\/strong><\/p>\n<p><em>R\u00e9dactrices en chef<\/em>[\/vc_column_text][\/vc_column][\/vc_row]<\/p>\n","protected":false},"excerpt":{"rendered":"<p>[vc_row css_animation=\u00a0\u00bb\u00a0\u00bb row_type=\u00a0\u00bbrow\u00a0\u00bb use_row_as_full_screen_section=\u00a0\u00bbno\u00a0\u00bb type=\u00a0\u00bbgrid\u00a0\u00bb angled_section=\u00a0\u00bbno\u00a0\u00bb text_align=\u00a0\u00bbcenter\u00a0\u00bb background_image_as_pattern=\u00a0\u00bbwithout_pattern\u00a0\u00bb css=\u00a0\u00bb.vc_custom_1463384438060{padding-bottom: 53px !important;}\u00a0\u00bb][vc_column offset=\u00a0\u00bbvc_col-lg-offset-3 vc_col-lg-6 vc_col-md-offset-2 vc_col-md-8&Prime;][vc_separator type=\u00a0\u00bbtransparent\u00a0\u00bb thickness=\u00a0\u00bb0&Prime; up=\u00a0\u00bb0&Prime; down=\u00a0\u00bb62&Prime;][vc_column_text] EDITO [\/vc_column_text][vc_separator type=\u00a0\u00bbtransparent\u00a0\u00bb thickness=\u00a0\u00bb0&Prime; up=\u00a0\u00bb0&Prime; down=\u00a0\u00bb27&Prime;][vc_column_text]\u00ab D\u00e9gel \u00bb est un projet \u00e9ditorial, sur la question climatique et ses enjeux, dans le territoire des Alpes. En un&#8230;<\/p>\n","protected":false},"author":2,"featured_media":0,"parent":0,"menu_order":0,"comment_status":"closed","ping_status":"closed","template":"full_width.php","meta":[],"uagb_featured_image_src":{"full":false,"thumbnail":false,"medium":false,"medium_large":false,"large":false,"1536x1536":false,"2048x2048":false,"portfolio-square":false,"portfolio-portrait":false,"portfolio-landscape":false,"menu-featured-post":false,"qode-carousel_slider":false,"portfolio_slider":false,"portfolio_masonry_regular":false,"portfolio_masonry_wide":false,"portfolio_masonry_tall":false,"portfolio_masonry_large":false,"portfolio_masonry_with_space":false,"latest_post_boxes":false,"qi_addons_for_elementor_image_size_square":false,"qi_addons_for_elementor_image_size_landscape":false,"qi_addons_for_elementor_image_size_portrait":false,"qi_addons_for_elementor_image_size_huge-square":false},"uagb_author_info":{"display_name":"Marion Boucharlat","author_link":"http:\/\/degel.ejdg.fr\/?author=2"},"uagb_comment_info":0,"uagb_excerpt":"[vc_row css_animation=\u00a0\u00bb\u00a0\u00bb row_type=\u00a0\u00bbrow\u00a0\u00bb use_row_as_full_screen_section=\u00a0\u00bbno\u00a0\u00bb type=\u00a0\u00bbgrid\u00a0\u00bb angled_section=\u00a0\u00bbno\u00a0\u00bb text_align=\u00a0\u00bbcenter\u00a0\u00bb background_image_as_pattern=\u00a0\u00bbwithout_pattern\u00a0\u00bb css=\u00a0\u00bb.vc_custom_1463384438060{padding-bottom: 53px !important;}\u00a0\u00bb][vc_column offset=\u00a0\u00bbvc_col-lg-offset-3 vc_col-lg-6 vc_col-md-offset-2 vc_col-md-8&Prime;][vc_separator type=\u00a0\u00bbtransparent\u00a0\u00bb thickness=\u00a0\u00bb0&Prime; up=\u00a0\u00bb0&Prime; down=\u00a0\u00bb62&Prime;][vc_column_text] EDITO [\/vc_column_text][vc_separator type=\u00a0\u00bbtransparent\u00a0\u00bb thickness=\u00a0\u00bb0&Prime; up=\u00a0\u00bb0&Prime; down=\u00a0\u00bb27&Prime;][vc_column_text]\u00ab D\u00e9gel \u00bb est un projet \u00e9ditorial, sur la question climatique et ses enjeux, dans le territoire des Alpes. En un...","_links":{"self":[{"href":"http:\/\/degel.ejdg.fr\/index.php?rest_route=\/wp\/v2\/pages\/139"}],"collection":[{"href":"http:\/\/degel.ejdg.fr\/index.php?rest_route=\/wp\/v2\/pages"}],"about":[{"href":"http:\/\/degel.ejdg.fr\/index.php?rest_route=\/wp\/v2\/types\/page"}],"author":[{"embeddable":true,"href":"http:\/\/degel.ejdg.fr\/index.php?rest_route=\/wp\/v2\/users\/2"}],"replies":[{"embeddable":true,"href":"http:\/\/degel.ejdg.fr\/index.php?rest_route=%2Fwp%2Fv2%2Fcomments&post=139"}],"version-history":[{"count":11,"href":"http:\/\/degel.ejdg.fr\/index.php?rest_route=\/wp\/v2\/pages\/139\/revisions"}],"predecessor-version":[{"id":972,"href":"http:\/\/degel.ejdg.fr\/index.php?rest_route=\/wp\/v2\/pages\/139\/revisions\/972"}],"wp:attachment":[{"href":"http:\/\/degel.ejdg.fr\/index.php?rest_route=%2Fwp%2Fv2%2Fmedia&parent=139"}],"curies":[{"name":"wp","href":"https:\/\/api.w.org\/{rel}","templated":true}]}}